{"id":768,"date":"2022-02-23T21:06:07","date_gmt":"2022-02-23T21:06:07","guid":{"rendered":"https:\/\/demo.creativethemes.com\/stagingfour\/?page_id=768"},"modified":"2022-08-23T08:28:23","modified_gmt":"2022-08-23T08:28:23","slug":"about-us","status":"publish","type":"page","link":"https:\/\/vieiradireito.digital\/?page_id=768","title":{"rendered":"Quem Somos"},"content":{"rendered":"\n<div class=\"wp-block-stackable-spacer stk-block-spacer stk--no-padding stk-block stk-6090630\" data-block-id=\"6090630\"><\/div>\n\n\n\n<div class=\"wp-block-stackable-columns stk-block-columns stk-block stk-5850aec\" data-block-id=\"5850aec\"><style>.stk-5850aec .stk--block-align-5850aec{align-items:center !important}.stk-5850aec{border-radius:8px !important;overflow:hidden !important}.stk-5850aec{margin-bottom:0px !important}.stk-5850aec-column{--stk-column-gap:35px !important}@media screen and (max-width:767px){.stk-5850aec-column{row-gap:35px !important}}<\/style><div class=\"stk-row stk-inner-blocks stk--block-align-5850aec stk-block-content stk-content-align stk-5850aec-column\">\n<div class=\"wp-block-stackable-column stk-block-column stk-column stk-block stk-bfa2a48\" data-block-id=\"bfa2a48\"><style>.stk-bfa2a48{align-self:flex-start !important}.stk-bfa2a48-container{margin-top:0px !important;margin-right:0px !important;margin-bottom:0px !important;margin-left:0px !important}<\/style><div class=\"stk-column-wrapper stk-block-column__content stk-container stk-bfa2a48-container stk--no-background stk--no-padding\"><div class=\"has-text-align-left has-text-align-center-mobile stk-block-content stk-inner-blocks\">\n<div class=\"wp-block-stackable-image stk-block-image stk-block stk-e1c22e5\" data-block-id=\"e1c22e5\"><figure class=\"stk-img-wrapper stk-image--shape-stretch\"><img loading=\"lazy\" class=\"stk-img wp-image-859\" src=\"http:\/\/vieiradireito.digital\/wp-content\/uploads\/2022\/08\/TCV04649-Editar-1-scaled.jpg\" width=\"1708\" height=\"2560\" srcset=\"https:\/\/vieiradireito.digital\/wp-content\/uploads\/2022\/08\/TCV04649-Editar-1-scaled.jpg 1708w, https:\/\/vieiradireito.digital\/wp-content\/uploads\/2022\/08\/TCV04649-Editar-1-200x300.jpg 200w, https:\/\/vieiradireito.digital\/wp-content\/uploads\/2022\/08\/TCV04649-Editar-1-683x1024.jpg 683w, https:\/\/vieiradireito.digital\/wp-content\/uploads\/2022\/08\/TCV04649-Editar-1-768x1151.jpg 768w, https:\/\/vieiradireito.digital\/wp-content\/uploads\/2022\/08\/TCV04649-Editar-1-1025x1536.jpg 1025w, https:\/\/vieiradireito.digital\/wp-content\/uploads\/2022\/08\/TCV04649-Editar-1-1367x2048.jpg 1367w\" sizes=\"(max-width: 1708px) 100vw, 1708px\" \/><\/figure><\/div>\n<\/div><\/div><\/div>\n\n\n\n<div class=\"wp-block-stackable-column stk-block-column stk-column stk-block stk-fb7eef2\" data-block-id=\"fb7eef2\"><style>.stk-fb7eef2-container{margin-top:0px !important;margin-right:0px !important;margin-bottom:0px !important;margin-left:0px !important}<\/style><div class=\"stk-column-wrapper stk-block-column__content stk-container stk-fb7eef2-container stk--no-background stk--no-padding\"><div class=\"stk-block-content stk-inner-blocks\">\n<div class=\"wp-block-stackable-text stk-block-text stk-block stk-4e3dee4\" data-block-id=\"4e3dee4\"><style>.stk-4e3dee4{margin-bottom:16px !important}.stk-4e3dee4 .stk-block-text__text{margin:0 !important;color:var(--paletteColor1,#e65616) !important;font-weight:900 !important;text-transform:uppercase !important}<\/style><p class=\"stk-block-text__text has-text-color has-palette-color-1-color has-text-align-center-mobile\">Nosso S\u00f3cio<\/p><\/div>\n\n\n\n<div class=\"wp-block-stackable-heading stk-block-heading stk-block stk-6f2b099\" id=\"thiago-oliveira-castro-vieira\" data-block-id=\"6f2b099\"><style>.stk-6f2b099{margin-bottom:60px !important}.stk-6f2b099 .stk-block-heading__text{margin:0 !important;line-height:1.2em !important;font-weight:800 !important;text-transform:capitalize !important}@media screen and (max-width:767px){.stk-6f2b099 .stk-block-heading__text{font-size:25px !important}}<\/style><h2 class=\"stk-block-heading__text has-text-align-center-mobile\">Thiago Oliveira Castro Vieira<\/h2><\/div>\n\n\n\n<ul class=\"has-medium-font-size\"><li>Advogado criminalista;<\/li><li>Professor do Curso de P\u00f3s-Gradua\u00e7\u00e3o em Ci\u00eancias Criminais da UCSAL;<\/li><li>Professor do Curso de P\u00f3s-Gradua\u00e7\u00e3o em Ci\u00eancias Criminiais da UNIFAN;<\/li><li>MBA em Gest\u00e3o pela FGV;<\/li><li>Graduando em Ci\u00eancia da Computa\u00e7\u00e3o pela UNIFACS;<\/li><li>Diretor do Instituto Baiano de Direito Processual Penal;<\/li><li>Membro do Instituto de Direito e Inova\u00e7\u00e3o &#8211; IDI;<\/li><li>Ex-Presidente da Comiss\u00e3o de Direito Digital da OAB.\/BA;<\/li><li>Ex-Associado Fundador da Safernet Brasil, institui\u00e7\u00e3o de direito privado que se notabilizou pelo combate aos crimes contra os direitos humanos perpetrados atrav\u00e9s da Rede Mundial de Computadores;<\/li><li>Autor de diversos artigos jur\u00eddicos publicado pela Editora Tirant lo Blanch e Mente Aberta;<\/li><li>Co-Autor da Coluna Di\u00e1logos Digitais no portal Bahia Noticiais.<\/li><\/ul>\n<\/div><\/div><\/div>\n<\/div><\/div>\n\n\n\n<div class=\"wp-block-stackable-spacer stk-block-spacer stk--no-padding stk-block stk-1fd3982\" data-block-id=\"1fd3982\"><style>.stk-1fd3982{height:120px !important}@media screen and (max-width:1023px){.stk-1fd3982{height:100px !important}}<\/style><\/div>\n\n\n\n<div class=\"wp-block-stackable-spacer stk-block-spacer stk--no-padding stk-block stk-59d9e47\" data-block-id=\"59d9e47\"><style>.stk-59d9e47{height:30px !important}@media screen and (max-width:767px){.stk-59d9e47{height:0px !important}}<\/style><\/div>\n\n\n\n<h1 class=\"has-palette-color-1-color has-text-color has-x-large-font-size\">Obras<\/h1>\n\n\n\n<div class=\"wp-block-stackable-feature-grid alignfull is-style-default stk-block-feature-grid stk-block-columns stk-block stk-74a6e69\" data-block-id=\"74a6e69\"><div class=\"stk-row stk-inner-blocks has-text-align-left stk-block-content stk-content-align stk-74a6e69-column alignwide\">\n<div class=\"wp-block-stackable-column stk-block-column stk-column stk-block stk-31e4567\" data-block-id=\"31e4567\"><style>.stk-31e4567-container{box-shadow:0px 2px 20px rgba(153,153,153,0.2) !important}<\/style><div class=\"stk-column-wrapper stk-block-column__content stk-container stk-31e4567-container stk-hover-parent\"><div class=\"stk-block-content stk-inner-blocks\">\n<div class=\"wp-block-stackable-image stk-block-image has-text-align-center stk-block stk-c7a9663\" data-block-id=\"c7a9663\"><style>.stk-c7a9663 .stk-img-wrapper{width:50% !important}<\/style><figure class=\"stk-img-wrapper stk-image--shape-stretch\"><img loading=\"lazy\" class=\"stk-img wp-image-901\" src=\"http:\/\/vieiradireito.digital\/wp-content\/uploads\/2022\/08\/E000020005654-1_page-0001.jpg\" width=\"945\" height=\"1359\" srcset=\"https:\/\/vieiradireito.digital\/wp-content\/uploads\/2022\/08\/E000020005654-1_page-0001.jpg 945w, https:\/\/vieiradireito.digital\/wp-content\/uploads\/2022\/08\/E000020005654-1_page-0001-209x300.jpg 209w, https:\/\/vieiradireito.digital\/wp-content\/uploads\/2022\/08\/E000020005654-1_page-0001-712x1024.jpg 712w, https:\/\/vieiradireito.digital\/wp-content\/uploads\/2022\/08\/E000020005654-1_page-0001-768x1104.jpg 768w\" sizes=\"(max-width: 945px) 100vw, 945px\" \/><\/figure><\/div>\n\n\n\n<div class=\"wp-block-stackable-text stk-block-text stk-block stk-bbb8bc9\" data-block-id=\"bbb8bc9\"><p class=\"stk-block-text__text\">A orba conta com o artigo: &#8220;Aspectos T\u00e9cnicos e Jur\u00eddicos da Prova Digital&#8221; de Thiago Vieira. Dispon\u00edvel gratuitamente no site da <em><a href=\"https:\/\/editorial.tirant.com\/free_ebooks\/E000020005654.pdf\" target=\"_blank\" rel=\"noopener\">Tirant Lo Blanch<\/a><\/em> <\/p><\/div>\n<\/div><\/div><\/div>\n\n\n\n<div class=\"wp-block-stackable-column stk-block-column stk-column stk-block stk-16a9b86\" data-block-id=\"16a9b86\"><style>.stk-16a9b86-container{box-shadow:0px 2px 20px rgba(153,153,153,0.2) !important}<\/style><div class=\"stk-column-wrapper stk-block-column__content stk-container stk-16a9b86-container stk-hover-parent\"><div class=\"stk-block-content stk-inner-blocks\">\n<div class=\"wp-block-stackable-image stk-block-image has-text-align-center stk-block stk-3a7da33\" data-block-id=\"3a7da33\"><style>.stk-3a7da33 .stk-img-wrapper{width:50% !important}<\/style><figure class=\"stk-img-wrapper stk-image--shape-stretch\"><img loading=\"lazy\" class=\"stk-img wp-image-903\" src=\"http:\/\/vieiradireito.digital\/wp-content\/uploads\/2022\/08\/Captura-de-Tela-2022-08-22-a\u0300s-17.29.35.png\" width=\"934\" height=\"1386\" srcset=\"https:\/\/vieiradireito.digital\/wp-content\/uploads\/2022\/08\/Captura-de-Tela-2022-08-22-a\u0300s-17.29.35.png 934w, https:\/\/vieiradireito.digital\/wp-content\/uploads\/2022\/08\/Captura-de-Tela-2022-08-22-a\u0300s-17.29.35-202x300.png 202w, https:\/\/vieiradireito.digital\/wp-content\/uploads\/2022\/08\/Captura-de-Tela-2022-08-22-a\u0300s-17.29.35-690x1024.png 690w, https:\/\/vieiradireito.digital\/wp-content\/uploads\/2022\/08\/Captura-de-Tela-2022-08-22-a\u0300s-17.29.35-768x1140.png 768w\" sizes=\"(max-width: 934px) 100vw, 934px\" \/><\/figure><\/div>\n\n\n\n<div class=\"wp-block-stackable-text stk-block-text stk-block stk-c93c0fc\" data-block-id=\"c93c0fc\"><p class=\"stk-block-text__text\">A obra conta com o artigo: &#8220;A Intercepta\u00e7\u00e3o Telem\u00e1tica no Projeto de Lei Anticrime: Os Riscos do Hacker Estatal&#8221;. Editora Tirant lo Blanch.<\/p><\/div>\n<\/div><\/div><\/div>\n<\/div><\/div>\n","protected":false},"excerpt":{"rendered":"<p>Pellentesque tincidunt tristique neque, eget venenatis enim gravida quis. Fusce at egestas libero. Cras convallis egestas ullamcorper suspens.<\/p>\n","protected":false},"author":1,"featured_media":0,"parent":0,"menu_order":0,"comment_status":"closed","ping_status":"closed","template":"","meta":{"om_disable_all_campaigns":false,"_monsterinsights_skip_tracking":false,"_monsterinsights_sitenote_active":false,"_monsterinsights_sitenote_note":"","_monsterinsights_sitenote_category":0,"_joinchat":[]},"blocksy_meta":{"styles_descriptor":{"styles":{"desktop":"","tablet":"","mobile":""},"google_fonts":[],"version":5}},"featured_image_urls":{"full":"","thumbnail":"","medium":"","medium_large":"","large":"","1536x1536":"","2048x2048":""},"post_excerpt_stackable":"<p>Pellentesque tincidunt tristique neque, eget venenatis enim gravida quis. Fusce at egestas libero. Cras convallis egestas ullamcorper suspens.<\/p>\n","category_list":"","author_info":{"name":"thiago","url":"https:\/\/vieiradireito.digital\/?author=1"},"comments_num":"0 comments","yoast_head":"<!-- This site is optimized with the Yoast SEO plugin v20.6 - https:\/\/yoast.com\/wordpress\/plugins\/seo\/ -->\n<title>Quem Somos - Vieira Direito Digital<\/title>\n<meta name=\"robots\" content=\"index, follow, max-snippet:-1, max-image-preview:large, max-video-preview:-1\" \/>\n<link rel=\"canonical\" href=\"https:\/\/vieiradireito.digital\/?page_id=768\" \/>\n<meta property=\"og:locale\" content=\"en_US\" \/>\n<meta property=\"og:type\" content=\"article\" \/>\n<meta property=\"og:title\" content=\"Quem Somos - Vieira Direito Digital\" \/>\n<meta property=\"og:description\" content=\"Pellentesque tincidunt tristique neque, eget venenatis enim gravida quis. Fusce at egestas libero. Cras convallis egestas ullamcorper suspens.\" \/>\n<meta property=\"og:url\" content=\"https:\/\/vieiradireito.digital\/?page_id=768\" \/>\n<meta property=\"og:site_name\" content=\"Vieira Direito Digital\" \/>\n<meta property=\"article:modified_time\" content=\"2022-08-23T08:28:23+00:00\" \/>\n<meta property=\"og:image\" content=\"http:\/\/vieiradireito.digital\/wp-content\/uploads\/2022\/08\/TCV04649-Editar-1-scaled.jpg\" \/>\n<meta name=\"twitter:card\" content=\"summary_large_image\" \/>\n<meta name=\"twitter:label1\" content=\"Est. reading time\" \/>\n\t<meta name=\"twitter:data1\" content=\"1 minute\" \/>\n<script type=\"application\/ld+json\" class=\"yoast-schema-graph\">{\"@context\":\"https:\/\/schema.org\",\"@graph\":[{\"@type\":\"WebPage\",\"@id\":\"https:\/\/vieiradireito.digital\/?page_id=768\",\"url\":\"https:\/\/vieiradireito.digital\/?page_id=768\",\"name\":\"Quem Somos - Vieira Direito Digital\",\"isPartOf\":{\"@id\":\"https:\/\/vieiradireito.digital\/#website\"},\"datePublished\":\"2022-02-23T21:06:07+00:00\",\"dateModified\":\"2022-08-23T08:28:23+00:00\",\"breadcrumb\":{\"@id\":\"https:\/\/vieiradireito.digital\/?page_id=768#breadcrumb\"},\"inLanguage\":\"en-US\",\"potentialAction\":[{\"@type\":\"ReadAction\",\"target\":[\"https:\/\/vieiradireito.digital\/?page_id=768\"]}]},{\"@type\":\"BreadcrumbList\",\"@id\":\"https:\/\/vieiradireito.digital\/?page_id=768#breadcrumb\",\"itemListElement\":[{\"@type\":\"ListItem\",\"position\":1,\"name\":\"Home\",\"item\":\"https:\/\/vieiradireito.digital\/\"},{\"@type\":\"ListItem\",\"position\":2,\"name\":\"Quem Somos\"}]},{\"@type\":\"WebSite\",\"@id\":\"https:\/\/vieiradireito.digital\/#website\",\"url\":\"https:\/\/vieiradireito.digital\/\",\"name\":\"Vieira Direito Digital\",\"description\":\"Direito e Tecnologia na defesa dos seus interesses\",\"publisher\":{\"@id\":\"https:\/\/vieiradireito.digital\/#organization\"},\"potentialAction\":[{\"@type\":\"SearchAction\",\"target\":{\"@type\":\"EntryPoint\",\"urlTemplate\":\"https:\/\/vieiradireito.digital\/?s={search_term_string}\"},\"query-input\":\"required name=search_term_string\"}],\"inLanguage\":\"en-US\"},{\"@type\":\"Organization\",\"@id\":\"https:\/\/vieiradireito.digital\/#organization\",\"name\":\"Vieira Direito Digital\",\"url\":\"https:\/\/vieiradireito.digital\/\",\"logo\":{\"@type\":\"ImageObject\",\"inLanguage\":\"en-US\",\"@id\":\"https:\/\/vieiradireito.digital\/#\/schema\/logo\/image\/\",\"url\":\"https:\/\/vieiradireito.digital\/wp-content\/uploads\/2022\/08\/Vieira-Direito-Digital-Fundo-Transparente-1.png\",\"contentUrl\":\"https:\/\/vieiradireito.digital\/wp-content\/uploads\/2022\/08\/Vieira-Direito-Digital-Fundo-Transparente-1.png\",\"width\":2515,\"height\":1411,\"caption\":\"Vieira Direito Digital\"},\"image\":{\"@id\":\"https:\/\/vieiradireito.digital\/#\/schema\/logo\/image\/\"}}]}<\/script>\n<!-- \/ Yoast SEO plugin. -->","yoast_head_json":{"title":"Quem Somos - Vieira Direito Digital","robots":{"index":"index","follow":"follow","max-snippet":"max-snippet:-1","max-image-preview":"max-image-preview:large","max-video-preview":"max-video-preview:-1"},"canonical":"https:\/\/vieiradireito.digital\/?page_id=768","og_locale":"en_US","og_type":"article","og_title":"Quem Somos - Vieira Direito Digital","og_description":"Pellentesque tincidunt tristique neque, eget venenatis enim gravida quis. Fusce at egestas libero. Cras convallis egestas ullamcorper suspens.","og_url":"https:\/\/vieiradireito.digital\/?page_id=768","og_site_name":"Vieira Direito Digital","article_modified_time":"2022-08-23T08:28:23+00:00","og_image":[{"url":"http:\/\/vieiradireito.digital\/wp-content\/uploads\/2022\/08\/TCV04649-Editar-1-scaled.jpg"}],"twitter_card":"summary_large_image","twitter_misc":{"Est. reading time":"1 minute"},"schema":{"@context":"https:\/\/schema.org","@graph":[{"@type":"WebPage","@id":"https:\/\/vieiradireito.digital\/?page_id=768","url":"https:\/\/vieiradireito.digital\/?page_id=768","name":"Quem Somos - Vieira Direito Digital","isPartOf":{"@id":"https:\/\/vieiradireito.digital\/#website"},"datePublished":"2022-02-23T21:06:07+00:00","dateModified":"2022-08-23T08:28:23+00:00","breadcrumb":{"@id":"https:\/\/vieiradireito.digital\/?page_id=768#breadcrumb"},"inLanguage":"en-US","potentialAction":[{"@type":"ReadAction","target":["https:\/\/vieiradireito.digital\/?page_id=768"]}]},{"@type":"BreadcrumbList","@id":"https:\/\/vieiradireito.digital\/?page_id=768#breadcrumb","itemListElement":[{"@type":"ListItem","position":1,"name":"Home","item":"https:\/\/vieiradireito.digital\/"},{"@type":"ListItem","position":2,"name":"Quem Somos"}]},{"@type":"WebSite","@id":"https:\/\/vieiradireito.digital\/#website","url":"https:\/\/vieiradireito.digital\/","name":"Vieira Direito Digital","description":"Direito e Tecnologia na defesa dos seus interesses","publisher":{"@id":"https:\/\/vieiradireito.digital\/#organization"},"potentialAction":[{"@type":"SearchAction","target":{"@type":"EntryPoint","urlTemplate":"https:\/\/vieiradireito.digital\/?s={search_term_string}"},"query-input":"required name=search_term_string"}],"inLanguage":"en-US"},{"@type":"Organization","@id":"https:\/\/vieiradireito.digital\/#organization","name":"Vieira Direito Digital","url":"https:\/\/vieiradireito.digital\/","logo":{"@type":"ImageObject","inLanguage":"en-US","@id":"https:\/\/vieiradireito.digital\/#\/schema\/logo\/image\/","url":"https:\/\/vieiradireito.digital\/wp-content\/uploads\/2022\/08\/Vieira-Direito-Digital-Fundo-Transparente-1.png","contentUrl":"https:\/\/vieiradireito.digital\/wp-content\/uploads\/2022\/08\/Vieira-Direito-Digital-Fundo-Transparente-1.png","width":2515,"height":1411,"caption":"Vieira Direito Digital"},"image":{"@id":"https:\/\/vieiradireito.digital\/#\/schema\/logo\/image\/"}}]}},"_links":{"self":[{"href":"https:\/\/vieiradireito.digital\/index.php?rest_route=\/wp\/v2\/pages\/768"}],"collection":[{"href":"https:\/\/vieiradireito.digital\/index.php?rest_route=\/wp\/v2\/pages"}],"about":[{"href":"https:\/\/vieiradireito.digital\/index.php?rest_route=\/wp\/v2\/types\/page"}],"author":[{"embeddable":true,"href":"https:\/\/vieiradireito.digital\/index.php?rest_route=\/wp\/v2\/users\/1"}],"replies":[{"embeddable":true,"href":"https:\/\/vieiradireito.digital\/index.php?rest_route=%2Fwp%2Fv2%2Fcomments&post=768"}],"version-history":[{"count":6,"href":"https:\/\/vieiradireito.digital\/index.php?rest_route=\/wp\/v2\/pages\/768\/revisions"}],"predecessor-version":[{"id":907,"href":"https:\/\/vieiradireito.digital\/index.php?rest_route=\/wp\/v2\/pages\/768\/revisions\/907"}],"wp:attachment":[{"href":"https:\/\/vieiradireito.digital\/index.php?rest_route=%2Fwp%2Fv2%2Fmedia&parent=768"}],"curies":[{"name":"wp","href":"https:\/\/api.w.org\/{rel}","templated":true}]}}